{"id":1170,"date":"2024-11-27T12:57:42","date_gmt":"2024-11-27T12:57:42","guid":{"rendered":"https:\/\/giteinperigord.com\/reservation\/"},"modified":"2026-04-12T06:37:53","modified_gmt":"2026-04-12T06:37:53","slug":"reservation","status":"publish","type":"page","link":"https:\/\/giteinperigord.com\/fr\/reservation\/","title":{"rendered":"R\u00e9servation"},"content":{"rendered":"<div class=\"kb-row-layout-wrap kb-row-layout-id24_97127b-68 alignnone wp-block-kadence-rowlayout\"><div class=\"kt-row-column-wrap kt-has-1-columns kt-row-layout-equal kt-tab-layout-inherit kt-mobile-layout-row kt-row-valign-top\">\n\n<div class=\"wp-block-kadence-column kadence-column24_9a7afd-b4\"><div class=\"kt-inside-inner-col\">\n<h2 class=\"kt-adv-heading24_336efd-65 wp-block-kadence-advancedheading\" data-kb-block=\"kb-adv-heading24_336efd-65\">R\u00e9servation<\/h2>\n\n\n\n<p><strong>La Charni\u00e8re est disponible toute l&rsquo;ann\u00e9e, sans jours fixes d&rsquo;arriv\u00e9e ou de d\u00e9part, ce qui vous permet d&rsquo;organiser votre voyage de mani\u00e8re flexible.<\/strong><\/p>\n\n\n\n<p>Vous pouvez r\u00e9server de plusieurs mani\u00e8res. Vous pouvez r\u00e9server directement aupr\u00e8s de nous ou choisir de passer par l&rsquo;un de nos partenaires de r\u00e9servation pour avoir l&rsquo;esprit tranquille. Nous sommes \u00e9galement partenaires du programme ANCV Ch\u00e8que-Vacances et acceptons les ch\u00e8ques vacances papier et num\u00e9riques.  <\/p>\n\n\n\n<p>Si vous pr\u00e9f\u00e9rez, vous pouvez r\u00e9server directement aupr\u00e8s de nous et faire une demande de r\u00e9servation en utilisant notre <a href=\"https:\/\/www.giteinperigord.com\/contact\/\">formulaire en ligne<\/a> ou en nous contactant directement : <a href=\"mailto:bookings@giteinperigord.com\">bookings@giteinperigord.com.<\/a> Si les dates demand\u00e9es sont disponibles, nous pourrons alors vous envoyer une copie de notre formulaire de r\u00e9servation, les d\u00e9tails du paiement (un acompte sera demand\u00e9), nos conditions d&rsquo;annulation et nos conditions de r\u00e9servation.  <\/p>\n\n\n\n<p>Nos disponibilit\u00e9s devraient \u00eatre mises \u00e0 jour dans le calendrier ci-dessous. Cela vous permet de r\u00e9server aupr\u00e8s de l&rsquo;un de nos partenaires de r\u00e9servation ou de demander une r\u00e9servation de dates disponibles aupr\u00e8s de nous directement. <\/p>\n\n\n\n<h2 class=\"kt-adv-heading24_572834-ba wp-block-kadence-advancedheading\" data-kb-block=\"kb-adv-heading24_572834-ba\">Disponibilit\u00e9<\/h2>\n\n\n\n<iframe loading=\"lazy\" src=\"https:\/\/www.cybevasion.fr\/annonces_planning.php?id_annonce=59114&#038;langue=en&#038;display_line&#038;transparent\" name=\"planning\" width=\"100%\" height=\"240\" frameborder=\"0\"><\/iframe>\n\n\n\n<h2 class=\"kt-adv-heading24_7d618d-ba wp-block-kadence-advancedheading\" data-kb-block=\"kb-adv-heading24_7d618d-ba\">Nos tarifs<\/h2>\n\n\n\n<p><strong>Les meilleurs tarifs sont disponibles en r\u00e9servant directement.<\/strong> <\/p>\n\n\n\n<h4 class=\"wp-block-heading\"><strong>Tarif de nuit standard 145\u20ac<\/strong> (\u00e0 partir du 1er janvier 2026)<\/h4>\n\n\n\n<h4 class=\"wp-block-heading\"><strong>Tarif hebdomadaire standard 1015\u20ac<\/strong> (\u00e0 partir du 1er janvier 2026)<\/h4>\n\n\n\n<p><strong>Ces tarifs sont disponibles toute l&rsquo;ann\u00e9e. Nous n&rsquo;avons pas de tarifs saisonniers.  <\/strong><\/p>\n\n\n\n<p>Nous avons \u00e9galement des options suppl\u00e9mentaires qui peuvent \u00eatre ajout\u00e9es, telles que des forfaits de c\u00e9l\u00e9bration. Pour plus de d\u00e9tails, <a href=\"https:\/\/www.giteinperigord.com\/special-occasions\/\">cliquez ici<\/a>. <\/p>\n\n\n\n<p>Nos meilleurs tarifs sont garantis si vous effectuez votre r\u00e9servation directement aupr\u00e8s de nous. Si vous souhaitez r\u00e9server directement, veuillez <a href=\"https:\/\/www.giteinperigord.com\/contact\/\">nous contacter<\/a> pour confirmer la disponibilit\u00e9 et obtenir un formulaire de r\u00e9servation. <\/p>\n\n\n\n<p>Si vous souhaitez utiliser une autre plateforme de r\u00e9servation, La Charni\u00e8re est disponible sur la plupart des plateformes de r\u00e9servation populaires telles que Airbnb, Expedia et Booking. Veuillez noter que les plateformes de r\u00e9servation peuvent ajouter des frais suppl\u00e9mentaires pour les h\u00f4tes ou proposer des tarifs plus \u00e9lev\u00e9s en raison des frais de commission. <\/p>\n\n\n\n<h2 class=\"kt-adv-heading24_9fee0a-74 wp-block-kadence-advancedheading\" data-kb-block=\"kb-adv-heading24_9fee0a-74\">Conditions de r\u00e9servation<\/h2>\n\n\n\n<div class=\"wp-block-kadence-iconlist kt-svg-icon-list-items kt-svg-icon-list-items24_3bd53a-32 kt-svg-icon-list-columns-1 alignnone\"><ul class=\"kt-svg-icon-list\">\n<li class=\"wp-block-kadence-listitem kt-svg-icon-list-item-wrap kt-svg-icon-list-item-24_cf4b4a-ee\"><span class=\"kb-svg-icon-wrap kb-svg-icon-ic_sun kt-svg-icon-list-single\"><svg viewBox=\"0 0 8 8\"  fill=\"currentColor\" xmlns=\"http:\/\/www.w3.org\/2000\/svg\"  aria-hidden=\"true\"><path d=\"M4 0c-.28 0-.5.22-.5.5s.22.5.5.5.5-.22.5-.5-.22-.5-.5-.5zm-2.5 1c-.28 0-.5.22-.5.5s.22.5.5.5.5-.22.5-.5-.22-.5-.5-.5zm5 0c-.28 0-.5.22-.5.5s.22.5.5.5.5-.22.5-.5-.22-.5-.5-.5zm-2.5 1c-1.1 0-2 .9-2 2s.9 2 2 2 2-.9 2-2-.9-2-2-2zm-3.5 1.5c-.28 0-.5.22-.5.5s.22.5.5.5.5-.22.5-.5-.22-.5-.5-.5zm7 0c-.28 0-.5.22-.5.5s.22.5.5.5.5-.22.5-.5-.22-.5-.5-.5zm-6 2.5c-.28 0-.5.22-.5.5s.22.5.5.5.5-.22.5-.5-.22-.5-.5-.5zm5 0c-.28 0-.5.22-.5.5s.22.5.5.5.5-.22.5-.5-.22-.5-.5-.5zm-2.5 1c-.28 0-.5.22-.5.5s.22.5.5.5.5-.22.5-.5-.22-.5-.5-.5z\"\/><\/svg><\/span><span class=\"kt-svg-icon-list-text\">Politique d&rsquo;annulation mod\u00e9r\u00e9e &#8211; veuillez nous contacter pour plus de d\u00e9tails.<\/span><\/li>\n\n\n\n<li class=\"wp-block-kadence-listitem kt-svg-icon-list-item-wrap kt-svg-icon-list-item-24_a5c910-b0\"><span class=\"kb-svg-icon-wrap kb-svg-icon-ic_sun kt-svg-icon-list-single\"><svg viewBox=\"0 0 8 8\"  fill=\"currentColor\" xmlns=\"http:\/\/www.w3.org\/2000\/svg\"  aria-hidden=\"true\"><path d=\"M4 0c-.28 0-.5.22-.5.5s.22.5.5.5.5-.22.5-.5-.22-.5-.5-.5zm-2.5 1c-.28 0-.5.22-.5.5s.22.5.5.5.5-.22.5-.5-.22-.5-.5-.5zm5 0c-.28 0-.5.22-.5.5s.22.5.5.5.5-.22.5-.5-.22-.5-.5-.5zm-2.5 1c-1.1 0-2 .9-2 2s.9 2 2 2 2-.9 2-2-.9-2-2-2zm-3.5 1.5c-.28 0-.5.22-.5.5s.22.5.5.5.5-.22.5-.5-.22-.5-.5-.5zm7 0c-.28 0-.5.22-.5.5s.22.5.5.5.5-.22.5-.5-.22-.5-.5-.5zm-6 2.5c-.28 0-.5.22-.5.5s.22.5.5.5.5-.22.5-.5-.22-.5-.5-.5zm5 0c-.28 0-.5.22-.5.5s.22.5.5.5.5-.22.5-.5-.22-.5-.5-.5zm-2.5 1c-.28 0-.5.22-.5.5s.22.5.5.5.5-.22.5-.5-.22-.5-.5-.5z\"\/><\/svg><\/span><span class=\"kt-svg-icon-list-text\">Occupation maximale 2 personnes (plus un enfant de moins de deux ans)<\/span><\/li>\n\n\n\n<li class=\"wp-block-kadence-listitem kt-svg-icon-list-item-wrap kt-svg-icon-list-item-24_3cddf1-06\"><span class=\"kb-svg-icon-wrap kb-svg-icon-ic_sun kt-svg-icon-list-single\"><svg viewBox=\"0 0 8 8\"  fill=\"currentColor\" xmlns=\"http:\/\/www.w3.org\/2000\/svg\"  aria-hidden=\"true\"><path d=\"M4 0c-.28 0-.5.22-.5.5s.22.5.5.5.5-.22.5-.5-.22-.5-.5-.5zm-2.5 1c-.28 0-.5.22-.5.5s.22.5.5.5.5-.22.5-.5-.22-.5-.5-.5zm5 0c-.28 0-.5.22-.5.5s.22.5.5.5.5-.22.5-.5-.22-.5-.5-.5zm-2.5 1c-1.1 0-2 .9-2 2s.9 2 2 2 2-.9 2-2-.9-2-2-2zm-3.5 1.5c-.28 0-.5.22-.5.5s.22.5.5.5.5-.22.5-.5-.22-.5-.5-.5zm7 0c-.28 0-.5.22-.5.5s.22.5.5.5.5-.22.5-.5-.22-.5-.5-.5zm-6 2.5c-.28 0-.5.22-.5.5s.22.5.5.5.5-.22.5-.5-.22-.5-.5-.5zm5 0c-.28 0-.5.22-.5.5s.22.5.5.5.5-.22.5-.5-.22-.5-.5-.5zm-2.5 1c-.28 0-.5.22-.5.5s.22.5.5.5.5-.22.5-.5-.22-.5-.5-.5z\"\/><\/svg><\/span><span class=\"kt-svg-icon-list-text\">S\u00e9jour minimum : Toute l&rsquo;ann\u00e9e &#8211; 2 nuits<\/span><\/li>\n\n\n\n<li class=\"wp-block-kadence-listitem kt-svg-icon-list-item-wrap kt-svg-icon-list-item-24_6bebf5-f5\"><span class=\"kb-svg-icon-wrap kb-svg-icon-ic_sun kt-svg-icon-list-single\"><svg viewBox=\"0 0 8 8\"  fill=\"currentColor\" xmlns=\"http:\/\/www.w3.org\/2000\/svg\"  aria-hidden=\"true\"><path d=\"M4 0c-.28 0-.5.22-.5.5s.22.5.5.5.5-.22.5-.5-.22-.5-.5-.5zm-2.5 1c-.28 0-.5.22-.5.5s.22.5.5.5.5-.22.5-.5-.22-.5-.5-.5zm5 0c-.28 0-.5.22-.5.5s.22.5.5.5.5-.22.5-.5-.22-.5-.5-.5zm-2.5 1c-1.1 0-2 .9-2 2s.9 2 2 2 2-.9 2-2-.9-2-2-2zm-3.5 1.5c-.28 0-.5.22-.5.5s.22.5.5.5.5-.22.5-.5-.22-.5-.5-.5zm7 0c-.28 0-.5.22-.5.5s.22.5.5.5.5-.22.5-.5-.22-.5-.5-.5zm-6 2.5c-.28 0-.5.22-.5.5s.22.5.5.5.5-.22.5-.5-.22-.5-.5-.5zm5 0c-.28 0-.5.22-.5.5s.22.5.5.5.5-.22.5-.5-.22-.5-.5-.5zm-2.5 1c-.28 0-.5.22-.5.5s.22.5.5.5.5-.22.5-.5-.22-.5-.5-.5z\"\/><\/svg><\/span><span class=\"kt-svg-icon-list-text\">Arriv\u00e9e \u00e0 partir de 15 heures, d\u00e9part avant 11 heures (possibilit\u00e9 de flexibilit\u00e9 sur demande).<\/span><\/li>\n\n\n\n<li class=\"wp-block-kadence-listitem kt-svg-icon-list-item-wrap kt-svg-icon-list-item-24_42c046-f4\"><span class=\"kb-svg-icon-wrap kb-svg-icon-ic_sun kt-svg-icon-list-single\"><svg viewBox=\"0 0 8 8\"  fill=\"currentColor\" xmlns=\"http:\/\/www.w3.org\/2000\/svg\"  aria-hidden=\"true\"><path d=\"M4 0c-.28 0-.5.22-.5.5s.22.5.5.5.5-.22.5-.5-.22-.5-.5-.5zm-2.5 1c-.28 0-.5.22-.5.5s.22.5.5.5.5-.22.5-.5-.22-.5-.5-.5zm5 0c-.28 0-.5.22-.5.5s.22.5.5.5.5-.22.5-.5-.22-.5-.5-.5zm-2.5 1c-1.1 0-2 .9-2 2s.9 2 2 2 2-.9 2-2-.9-2-2-2zm-3.5 1.5c-.28 0-.5.22-.5.5s.22.5.5.5.5-.22.5-.5-.22-.5-.5-.5zm7 0c-.28 0-.5.22-.5.5s.22.5.5.5.5-.22.5-.5-.22-.5-.5-.5zm-6 2.5c-.28 0-.5.22-.5.5s.22.5.5.5.5-.22.5-.5-.22-.5-.5-.5zm5 0c-.28 0-.5.22-.5.5s.22.5.5.5.5-.22.5-.5-.22-.5-.5-.5zm-2.5 1c-.28 0-.5.22-.5.5s.22.5.5.5.5-.22.5-.5-.22-.5-.5-.5z\"\/><\/svg><\/span><span class=\"kt-svg-icon-list-text\">Tous les articles de toilette, le linge de maison, le chauffage et les taxes de s\u00e9jour sont inclus dans le tarif ci-dessus.<\/span><\/li>\n\n\n\n<li class=\"wp-block-kadence-listitem kt-svg-icon-list-item-wrap kt-svg-icon-list-item-24_419b76-6e\"><span class=\"kb-svg-icon-wrap kb-svg-icon-ic_sun kt-svg-icon-list-single\"><svg viewBox=\"0 0 8 8\"  fill=\"currentColor\" xmlns=\"http:\/\/www.w3.org\/2000\/svg\"  aria-hidden=\"true\"><path d=\"M4 0c-.28 0-.5.22-.5.5s.22.5.5.5.5-.22.5-.5-.22-.5-.5-.5zm-2.5 1c-.28 0-.5.22-.5.5s.22.5.5.5.5-.22.5-.5-.22-.5-.5-.5zm5 0c-.28 0-.5.22-.5.5s.22.5.5.5.5-.22.5-.5-.22-.5-.5-.5zm-2.5 1c-1.1 0-2 .9-2 2s.9 2 2 2 2-.9 2-2-.9-2-2-2zm-3.5 1.5c-.28 0-.5.22-.5.5s.22.5.5.5.5-.22.5-.5-.22-.5-.5-.5zm7 0c-.28 0-.5.22-.5.5s.22.5.5.5.5-.22.5-.5-.22-.5-.5-.5zm-6 2.5c-.28 0-.5.22-.5.5s.22.5.5.5.5-.22.5-.5-.22-.5-.5-.5zm5 0c-.28 0-.5.22-.5.5s.22.5.5.5.5-.22.5-.5-.22-.5-.5-.5zm-2.5 1c-.28 0-.5.22-.5.5s.22.5.5.5.5-.22.5-.5-.22-.5-.5-.5z\"\/><\/svg><\/span><span class=\"kt-svg-icon-list-text\">Frais de nettoyage de 50\u20ac par s\u00e9jour (r\u00e9duits \u00e0 35\u20ac pour les s\u00e9jours de 2 nuits seulement)<\/span><\/li>\n\n\n\n<li class=\"wp-block-kadence-listitem kt-svg-icon-list-item-wrap kt-svg-icon-list-item-24_a08d2a-43\"><span class=\"kb-svg-icon-wrap kb-svg-icon-ic_sun kt-svg-icon-list-single\"><svg viewBox=\"0 0 8 8\"  fill=\"currentColor\" xmlns=\"http:\/\/www.w3.org\/2000\/svg\"  aria-hidden=\"true\"><path d=\"M4 0c-.28 0-.5.22-.5.5s.22.5.5.5.5-.22.5-.5-.22-.5-.5-.5zm-2.5 1c-.28 0-.5.22-.5.5s.22.5.5.5.5-.22.5-.5-.22-.5-.5-.5zm5 0c-.28 0-.5.22-.5.5s.22.5.5.5.5-.22.5-.5-.22-.5-.5-.5zm-2.5 1c-1.1 0-2 .9-2 2s.9 2 2 2 2-.9 2-2-.9-2-2-2zm-3.5 1.5c-.28 0-.5.22-.5.5s.22.5.5.5.5-.22.5-.5-.22-.5-.5-.5zm7 0c-.28 0-.5.22-.5.5s.22.5.5.5.5-.22.5-.5-.22-.5-.5-.5zm-6 2.5c-.28 0-.5.22-.5.5s.22.5.5.5.5-.22.5-.5-.22-.5-.5-.5zm5 0c-.28 0-.5.22-.5.5s.22.5.5.5.5-.22.5-.5-.22-.5-.5-.5zm-2.5 1c-.28 0-.5.22-.5.5s.22.5.5.5.5-.22.5-.5-.22-.5-.5-.5z\"\/><\/svg><\/span><span class=\"kt-svg-icon-list-text\">Toutes les r\u00e9servations effectu\u00e9es au moyen de ch\u00e8ques ANCV sont soumises \u00e0 des frais administratifs suppl\u00e9mentaires de 20 euros.<\/span><\/li>\n\n\n\n<li class=\"wp-block-kadence-listitem kt-svg-icon-list-item-wrap kt-svg-icon-list-item-24_f47a4c-dc\"><span class=\"kb-svg-icon-wrap kb-svg-icon-ic_sun kt-svg-icon-list-single\"><svg viewBox=\"0 0 8 8\"  fill=\"currentColor\" xmlns=\"http:\/\/www.w3.org\/2000\/svg\"  aria-hidden=\"true\"><path d=\"M4 0c-.28 0-.5.22-.5.5s.22.5.5.5.5-.22.5-.5-.22-.5-.5-.5zm-2.5 1c-.28 0-.5.22-.5.5s.22.5.5.5.5-.22.5-.5-.22-.5-.5-.5zm5 0c-.28 0-.5.22-.5.5s.22.5.5.5.5-.22.5-.5-.22-.5-.5-.5zm-2.5 1c-1.1 0-2 .9-2 2s.9 2 2 2 2-.9 2-2-.9-2-2-2zm-3.5 1.5c-.28 0-.5.22-.5.5s.22.5.5.5.5-.22.5-.5-.22-.5-.5-.5zm7 0c-.28 0-.5.22-.5.5s.22.5.5.5.5-.22.5-.5-.22-.5-.5-.5zm-6 2.5c-.28 0-.5.22-.5.5s.22.5.5.5.5-.22.5-.5-.22-.5-.5-.5zm5 0c-.28 0-.5.22-.5.5s.22.5.5.5.5-.22.5-.5-.22-.5-.5-.5zm-2.5 1c-.28 0-.5.22-.5.5s.22.5.5.5.5-.22.5-.5-.22-.5-.5-.5z\"\/><\/svg><\/span><span class=\"kt-svg-icon-list-text\">D\u00e9p\u00f4t de garantie requis.<\/span><\/li>\n\n\n\n<li class=\"wp-block-kadence-listitem kt-svg-icon-list-item-wrap kt-svg-icon-list-item-24_6d6deb-e5\"><span class=\"kb-svg-icon-wrap kb-svg-icon-ic_sun kt-svg-icon-list-single\"><svg viewBox=\"0 0 8 8\"  fill=\"currentColor\" xmlns=\"http:\/\/www.w3.org\/2000\/svg\"  aria-hidden=\"true\"><path d=\"M4 0c-.28 0-.5.22-.5.5s.22.5.5.5.5-.22.5-.5-.22-.5-.5-.5zm-2.5 1c-.28 0-.5.22-.5.5s.22.5.5.5.5-.22.5-.5-.22-.5-.5-.5zm5 0c-.28 0-.5.22-.5.5s.22.5.5.5.5-.22.5-.5-.22-.5-.5-.5zm-2.5 1c-1.1 0-2 .9-2 2s.9 2 2 2 2-.9 2-2-.9-2-2-2zm-3.5 1.5c-.28 0-.5.22-.5.5s.22.5.5.5.5-.22.5-.5-.22-.5-.5-.5zm7 0c-.28 0-.5.22-.5.5s.22.5.5.5.5-.22.5-.5-.22-.5-.5-.5zm-6 2.5c-.28 0-.5.22-.5.5s.22.5.5.5.5-.22.5-.5-.22-.5-.5-.5zm5 0c-.28 0-.5.22-.5.5s.22.5.5.5.5-.22.5-.5-.22-.5-.5-.5zm-2.5 1c-.28 0-.5.22-.5.5s.22.5.5.5.5-.22.5-.5-.22-.5-.5-.5z\"\/><\/svg><\/span><span class=\"kt-svg-icon-list-text\">Animaux non autoris\u00e9s.<\/span><\/li>\n\n\n\n<li class=\"wp-block-kadence-listitem kt-svg-icon-list-item-wrap kt-svg-icon-list-item-24_e94f2e-a3\"><span class=\"kb-svg-icon-wrap kb-svg-icon-ic_sun kt-svg-icon-list-single\"><svg viewBox=\"0 0 8 8\"  fill=\"currentColor\" xmlns=\"http:\/\/www.w3.org\/2000\/svg\"  aria-hidden=\"true\"><path d=\"M4 0c-.28 0-.5.22-.5.5s.22.5.5.5.5-.22.5-.5-.22-.5-.5-.5zm-2.5 1c-.28 0-.5.22-.5.5s.22.5.5.5.5-.22.5-.5-.22-.5-.5-.5zm5 0c-.28 0-.5.22-.5.5s.22.5.5.5.5-.22.5-.5-.22-.5-.5-.5zm-2.5 1c-1.1 0-2 .9-2 2s.9 2 2 2 2-.9 2-2-.9-2-2-2zm-3.5 1.5c-.28 0-.5.22-.5.5s.22.5.5.5.5-.22.5-.5-.22-.5-.5-.5zm7 0c-.28 0-.5.22-.5.5s.22.5.5.5.5-.22.5-.5-.22-.5-.5-.5zm-6 2.5c-.28 0-.5.22-.5.5s.22.5.5.5.5-.22.5-.5-.22-.5-.5-.5zm5 0c-.28 0-.5.22-.5.5s.22.5.5.5.5-.22.5-.5-.22-.5-.5-.5zm-2.5 1c-.28 0-.5.22-.5.5s.22.5.5.5.5-.22.5-.5-.22-.5-.5-.5z\"\/><\/svg><\/span><span class=\"kt-svg-icon-list-text\">Il est permis de fumer uniquement dans les zones ext\u00e9rieures.<\/span><\/li>\n<\/ul><\/div>\n<\/div><\/div>\n\n<\/div><\/div>\n<p><\/p>\n","protected":false},"excerpt":{"rendered":"<p>R\u00e9servation La Charni\u00e8re est disponible toute l&rsquo;ann\u00e9e, sans jours fixes d&rsquo;arriv\u00e9e ou de d\u00e9part, ce qui vous permet d&rsquo;organiser votre voyage de mani\u00e8re flexible. Vous pouvez r\u00e9server de plusieurs mani\u00e8res. Vous pouvez r\u00e9server directement aupr\u00e8s de nous ou choisir de passer par l&rsquo;un de nos partenaires de r\u00e9servation pour avoir l&rsquo;esprit tranquille. Nous sommes \u00e9galement [&hellip;]<\/p>\n","protected":false},"author":1,"featured_media":0,"parent":0,"menu_order":0,"comment_status":"closed","ping_status":"closed","template":"","meta":{"footnotes":""},"class_list":["post-1170","page","type-page","status-publish","hentry"],"_links":{"self":[{"href":"https:\/\/giteinperigord.com\/fr\/wp-json\/wp\/v2\/pages\/1170","targetHints":{"allow":["GET"]}}],"collection":[{"href":"https:\/\/giteinperigord.com\/fr\/wp-json\/wp\/v2\/pages"}],"about":[{"href":"https:\/\/giteinperigord.com\/fr\/wp-json\/wp\/v2\/types\/page"}],"author":[{"embeddable":true,"href":"https:\/\/giteinperigord.com\/fr\/wp-json\/wp\/v2\/users\/1"}],"replies":[{"embeddable":true,"href":"https:\/\/giteinperigord.com\/fr\/wp-json\/wp\/v2\/comments?post=1170"}],"version-history":[{"count":8,"href":"https:\/\/giteinperigord.com\/fr\/wp-json\/wp\/v2\/pages\/1170\/revisions"}],"predecessor-version":[{"id":1370,"href":"https:\/\/giteinperigord.com\/fr\/wp-json\/wp\/v2\/pages\/1170\/revisions\/1370"}],"wp:attachment":[{"href":"https:\/\/giteinperigord.com\/fr\/wp-json\/wp\/v2\/media?parent=1170"}],"curies":[{"name":"wp","href":"https:\/\/api.w.org\/{rel}","templated":true}]}}